{"id":97,"date":"2022-09-27T07:55:23","date_gmt":"2022-09-27T07:55:23","guid":{"rendered":"https:\/\/www.amaonline.eus\/about\/"},"modified":"2025-05-22T11:25:05","modified_gmt":"2025-05-22T11:25:05","slug":"about","status":"publish","type":"page","link":"https:\/\/www.amaonline.eus\/es\/about\/","title":{"rendered":"Sobre AMA"},"content":{"rendered":"\n<p>AMAonline (la plataforma editorial digital de <strong>A<\/strong>rtium <strong>M<\/strong>useo<strong>A<\/strong>) ha sido concebida como una herramienta para mantener un di\u00e1logo y una interacci\u00f3n sostenidos con el p\u00fablico del museo, as\u00ed como construir comunidades a mayor escala en torno a sus diversos programas. Mientras que el Museo de Arte Contempor\u00e1neo del Pa\u00eds Vasco se dedica actualmente a hacer sus instalaciones m\u00e1s permeables al exterior a trav\u00e9s de proyectos como Plazaratu, de manera similar AMAonline se hace eco del deseo, por parte del Museo, de crear conexiones m\u00e1s profundas y variadas con su p\u00fablico m\u00e1s all\u00e1 de h\u00e1bitos tradicionales de contemplaci\u00f3n y asistencia.<\/p>\n\n\n\n<p>AMAonline comparte todo aquello que el museo defiende, pero tambi\u00e9n el hecho de que su misi\u00f3n y su papel son objeto de constante reflexi\u00f3n y aprendizaje, y nunca se dan por sentados. Al ampliar su presencia digital y online, se ofrecen nuevas formas de presentar, promover y debatir acerca de las obras e ideas de los artistas y pensadores que son la base de la programaci\u00f3n del museo. Pero ello tambi\u00e9n implica examinar c\u00f3mo el tiempo (cada vez mayor) que pasamos conectados, que es una caracter\u00edstica tan importante de nuestros d\u00edas, afecta a nuestra forma de leer, pensar e interactuar con el arte y el mundo en general.<\/p>\n\n\n\n<p>AMAonline est\u00e1 estructurada en torno a tres secciones, cada una de ellas inspirada en distintas obras de la fallecida autora de ciencia ficci\u00f3n feminista Ursula K. Le Guin: mientras que <a href=\"https:\/\/www.amaonline.eus\/es\/category\/cosechar-conocimiento\/\">Cosechar conocimiento<\/a> procede de su influyente ensayo \u00abLa teor\u00eda de la bolsa de la ficci\u00f3n\u00bb, <a href=\"https:\/\/www.amaonline.eus\/es\/category\/en-materia-de-palabras\/\">En materia de palabras<\/a> y <a href=\"https:\/\/www.amaonline.eus\/es\/category\/sin-tiempo-que-perder\/\">Sin tiempo que perder<\/a> citan directamente dos de sus \u00faltimas colecciones de relatos breves.<\/p>\n\n\n\n<p>Esta plataforma editorial tiene como fin continuar con la labor de Le Guin y difundir mensajes sobre lo que resulta relevante en el arte de hoy en d\u00eda.<\/p>\n\n\n\n<p>Edici\u00f3n: Thomas Boutoux, Catalina Lozano<\/p>\n\n\n\n<p>Comit\u00e9 editorial: Thomas Boutoux, Alejandro Cesarco, Beatriz Herr\u00e1ez, Nader Koochaki, Catalina Lozano, M\u00e1rcia Novais, Arantza Santesteban<\/p>\n\n\n\n<p>Dise\u00f1o: M\u00e1rcia Novais<\/p>\n\n\n\n<p>Administraci\u00f3n: Ant\u00f3n Bilbao and Sonia Jim\u00e9nez<\/p>\n\n\n\n<p>Programaci\u00f3n: Veiss, Vitoria-Gasteiz<\/p>\n\n\n\n<figure class=\"wp-block-embed is-type-video is-provider-vimeo wp-block-embed-vimeo\"><div class=\"wp-block-embed__wrapper\">\n<iframe loading=\"lazy\" title=\"AMAonline. Aurkezpena | Presentaci\u00f3n | Presentation\" src=\"https:\/\/player.vimeo.com\/video\/825744566?dnt=1&amp;app_id=122963\" width=\"640\" height=\"360\" frameborder=\"0\" allow=\"autoplay; fullscreen; picture-in-picture; clipboard-write; encrypted-media\"><\/iframe>\n<\/div><figcaption class=\"wp-element-caption\">Presentaci\u00f3n de AMAonline.eus el 5 de abril de 2023 con Thomas Boutoux (comisario, editor y editor de AMAonline.eus), Sonia Fern\u00e1ndez Pan (escritora, comisaria (in)dependiente y anfitriona de podcasts), Catalina Lozano (editora de AMAonline.eus y Comisaria jefe de Artium Museoa) y N\u00faria Molines Galarza (traductora de <em>Conversaciones sobre la escritura<\/em> de Ursula K. Le Guin)<\/figcaption><\/figure>\n\n\n<ul class=\"wp-block-categories\"><li class=\"cat-item\"><a href=\"https:\/\/www.amaonline.eus\/es\/category\/cosechar-conocimiento\/\">Cosechar conocimiento<\/a> <\/li><li class=\"cat-item\"><a href=\"https:\/\/www.amaonline.eus\/es\/category\/en-materia-de-palabras\/\">En materia de palabras<\/a> <\/li><li class=\"cat-item\"><a href=\"https:\/\/www.amaonline.eus\/es\/category\/sin-tiempo-que-perder\/\">Sin tiempo que perder<\/a> <\/li><li class=\"cat-item\"><a href=\"https:\/\/www.amaonline.eus\/es\/category\/contar-es-escuchar\/\">Contar es escuchar<\/a> <\/li><\/ul>\n","protected":false},"excerpt":{"rendered":"<p>AMAonline (la plataforma editorial digital de Artium MuseoA) ha sido concebida como una herramienta para mantener un di\u00e1logo y una interacci\u00f3n sostenidos con el p\u00fablico del museo, as\u00ed como construir comunidades a mayor escala en torno a sus diversos programas. Mientras que el Museo de Arte Contempor\u00e1neo del Pa\u00eds Vasco se dedica actualmente a hacer [&hellip;]<\/p>\n","protected":false},"author":1,"featured_media":0,"parent":0,"menu_order":0,"comment_status":"closed","ping_status":"closed","template":"","meta":{"_acf_changed":false,"footnotes":""},"class_list":["post-97","page","type-page","status-publish","hentry"],"acf":[],"_links":{"self":[{"href":"https:\/\/www.amaonline.eus\/es\/wp-json\/wp\/v2\/pages\/97","targetHints":{"allow":["GET"]}}],"collection":[{"href":"https:\/\/www.amaonline.eus\/es\/wp-json\/wp\/v2\/pages"}],"about":[{"href":"https:\/\/www.amaonline.eus\/es\/wp-json\/wp\/v2\/types\/page"}],"author":[{"embeddable":true,"href":"https:\/\/www.amaonline.eus\/es\/wp-json\/wp\/v2\/users\/1"}],"replies":[{"embeddable":true,"href":"https:\/\/www.amaonline.eus\/es\/wp-json\/wp\/v2\/comments?post=97"}],"version-history":[{"count":19,"href":"https:\/\/www.amaonline.eus\/es\/wp-json\/wp\/v2\/pages\/97\/revisions"}],"predecessor-version":[{"id":1596,"href":"https:\/\/www.amaonline.eus\/es\/wp-json\/wp\/v2\/pages\/97\/revisions\/1596"}],"wp:attachment":[{"href":"https:\/\/www.amaonline.eus\/es\/wp-json\/wp\/v2\/media?parent=97"}],"curies":[{"name":"wp","href":"https:\/\/api.w.org\/{rel}","templated":true}]}}